{"id":12,"date":"2020-12-31T08:54:15","date_gmt":"2020-12-31T08:54:15","guid":{"rendered":"http:\/\/www.zerzanek.cz\/?page_id=12"},"modified":"2021-05-04T13:02:27","modified_gmt":"2021-05-04T13:02:27","slug":"domu","status":"publish","type":"page","link":"https:\/\/www.zerzanek.cz\/","title":{"rendered":"Dom\u016f"},"content":{"rendered":"\n<div class=\"wp-block-cover alignfull has-neve-link-hover-color-background-color has-background-dim\" style=\"min-height:700px\"><div class=\"wp-block-cover__inner-container\">\n<p><\/p>\n\n\n\n<h2 class=\"has-text-align-center has-text-color\" style=\"color:#121212\"><span class=\"has-inline-color has-nv-site-bg-color\">DOD\u00c1VKY MATERI\u00c1LU A&nbsp;INSTALAT\u00c9RSK\u00ddCH PRAC\u00cd PRO VA\u0160I STAVBU<\/span><\/h2>\n\n\n\n<div style=\"height:51px\" aria-hidden=\"true\" class=\"wp-block-spacer\"><\/div>\n\n\n\n<p class=\"has-text-align-center\">Zaji\u0161\u0165ujeme instalat\u00e9rsk\u00e9 pr\u00e1ce se specializac\u00ed na vnit\u0159n\u00ed a vn\u011bj\u0161\u00ed vodovod, vyt\u00e1p\u011bn\u00ed, plynov\u00e9 p\u0159\u00edpojky, plynovod a plynov\u00e9 spot\u0159ebi\u010de, kompletn\u00ed sanit\u00e1rn\u00ed techniku, vn\u011bj\u0161\u00ed a vnit\u0159n\u00ed kanalizaci. V r\u00e1mci na\u0161ich slu\u017eeb dod\u00e1v\u00e1me kompletn\u00ed materi\u00e1l a slu\u017eby pro realizace modern\u00edch koupelen. Nab\u00edz\u00edme technick\u00e9 poradenstv\u00ed v oblastech technick\u00e9ho za\u0159\u00edzen\u00ed budov se specializac\u00ed na vyt\u00e1p\u011bn\u00ed, rozvody plynu, kanalizace a vody.<\/p>\n\n\n\n<div style=\"height:51px\" aria-hidden=\"true\" class=\"wp-block-spacer\"><\/div>\n\n\n\n<div class=\"wp-block-buttons aligncenter\">\n<div class=\"wp-block-button\"><a class=\"wp-block-button__link\">Voda<\/a><\/div>\n\n\n\n<div class=\"wp-block-button\"><a class=\"wp-block-button__link\">topen\u00ed<\/a><\/div>\n\n\n\n<div class=\"wp-block-button\"><a class=\"wp-block-button__link\">plyn<\/a><\/div>\n\n\n\n<div class=\"wp-block-button\"><a class=\"wp-block-button__link\">sanit\u00e1rn\u00ed technika <\/a><\/div>\n\n\n\n<div class=\"wp-block-button\"><a class=\"wp-block-button__link\">kanalizace<\/a><\/div>\n\n\n\n<div class=\"wp-block-button\"><a class=\"wp-block-button__link\"><span class=\"has-inline-color has-nv-site-bg-color\">koupelny<\/span><\/a><\/div>\n<\/div>\n\n\n\n<div style=\"height:80px\" aria-hidden=\"true\" class=\"wp-block-spacer\"><\/div>\n<\/div><\/div>\n\n\n\n<div style=\"height:100px\" aria-hidden=\"true\" class=\"wp-block-spacer\"><\/div>\n\n\n\n<div class=\"wp-block-group\"><div class=\"wp-block-group__inner-container\">\n<h1 class=\"has-text-color\" style=\"font-size:38px;color:#ba0c49\"><\/h1>\n\n\n\n<hr class=\"wp-block-separator is-style-wide\"\/>\n\n\n\n<div class=\"wp-block-columns\">\n<div class=\"wp-block-column\">\n<p style=\"font-size:18px\"><\/p>\n<\/div>\n\n\n\n<div class=\"wp-block-column\"><\/div>\n<\/div>\n\n\n\n<p><\/p>\n<\/div><\/div>\n","protected":false},"excerpt":{"rendered":"","protected":false},"author":1,"featured_media":0,"parent":0,"menu_order":0,"comment_status":"closed","ping_status":"closed","template":"","meta":{"neve_meta_sidebar":"","neve_meta_container":"","neve_meta_enable_content_width":"on","neve_meta_content_width":100,"neve_meta_title_alignment":"","neve_meta_author_avatar":"","neve_post_elements_order":"","neve_meta_disable_header":"","neve_meta_disable_footer":"","neve_meta_disable_title":"on"},"_links":{"self":[{"href":"https:\/\/www.zerzanek.cz\/index.php\/wp-json\/wp\/v2\/pages\/12"}],"collection":[{"href":"https:\/\/www.zerzanek.cz\/index.php\/wp-json\/wp\/v2\/pages"}],"about":[{"href":"https:\/\/www.zerzanek.cz\/index.php\/wp-json\/wp\/v2\/types\/page"}],"author":[{"embeddable":true,"href":"https:\/\/www.zerzanek.cz\/index.php\/wp-json\/wp\/v2\/users\/1"}],"replies":[{"embeddable":true,"href":"https:\/\/www.zerzanek.cz\/index.php\/wp-json\/wp\/v2\/comments?post=12"}],"version-history":[{"count":19,"href":"https:\/\/www.zerzanek.cz\/index.php\/wp-json\/wp\/v2\/pages\/12\/revisions"}],"predecessor-version":[{"id":80,"href":"https:\/\/www.zerzanek.cz\/index.php\/wp-json\/wp\/v2\/pages\/12\/revisions\/80"}],"wp:attachment":[{"href":"https:\/\/www.zerzanek.cz\/index.php\/wp-json\/wp\/v2\/media?parent=12"}],"curies":[{"name":"wp","href":"https:\/\/api.w.org\/{rel}","templated":true}]}}